{"id":2529,"date":"2021-06-17T16:36:39","date_gmt":"2021-06-17T16:36:39","guid":{"rendered":"https:\/\/www.trustedelearning.com\/?page_id=2529"},"modified":"2021-06-17T16:36:39","modified_gmt":"2021-06-17T16:36:39","slug":"chi-siamo","status":"publish","type":"page","link":"https:\/\/www.trustedelearning.com\/it\/chi-siamo\/","title":{"rendered":"Chi siamo"},"content":{"rendered":"\t\t<div data-elementor-type=\"wp-page\" data-elementor-id=\"2529\" class=\"elementor elementor-2529 elementor-116\">\n\t\t\t\t\t\t<section class=\"elementor-section elementor-top-section elementor-element elementor-element-11610de7 elementor-section-boxed elementor-section-height-default elementor-section-height-default\" data-id=\"11610de7\" data-element_type=\"section\" data-e-type=\"section\">\n\t\t\t\t\t\t<div class=\"elementor-container elementor-column-gap-no\">\n\t\t\t\t\t<div class=\"elementor-column elementor-col-100 elementor-top-column elementor-element elementor-element-3c4d721\" data-id=\"3c4d721\" data-element_type=\"column\" data-e-type=\"column\">\n\t\t\t<div class=\"elementor-widget-wrap elementor-element-populated\">\n\t\t\t\t\t\t<div class=\"elementor-element elementor-element-b86df11 elementor-widget elementor-widget-shortcode\" data-id=\"b86df11\" data-element_type=\"widget\" data-e-type=\"widget\" data-widget_type=\"shortcode.default\">\n\t\t\t\t<div class=\"elementor-widget-container\">\n\t\t\t\t\t\t\t<div class=\"elementor-shortcode\"><span><span><a href=\"https:\/\/www.trustedelearning.com\/it\/\">Home<\/a><\/span><\/span><\/div>\n\t\t\t\t\t\t<\/div>\n\t\t\t\t<\/div>\n\t\t\t\t\t<\/div>\n\t\t<\/div>\n\t\t\t\t\t<\/div>\n\t\t<\/section>\n\t\t\t\t<section class=\"elementor-section elementor-top-section elementor-element elementor-element-33c18242 elementor-section-boxed elementor-section-height-default elementor-section-height-default\" data-id=\"33c18242\" data-element_type=\"section\" data-e-type=\"section\">\n\t\t\t\t\t\t<div class=\"elementor-container elementor-column-gap-default\">\n\t\t\t\t\t<div class=\"elementor-column elementor-col-100 elementor-top-column elementor-element elementor-element-1870683a\" data-id=\"1870683a\" data-element_type=\"column\" data-e-type=\"column\">\n\t\t\t<div class=\"elementor-widget-wrap elementor-element-populated\">\n\t\t\t\t\t\t<div class=\"elementor-element elementor-element-17fd50bf elementor-widget elementor-widget-heading\" data-id=\"17fd50bf\" data-element_type=\"widget\" data-e-type=\"widget\" data-widget_type=\"heading.default\">\n\t\t\t\t<div class=\"elementor-widget-container\">\n\t\t\t\t\t<h2 class=\"elementor-heading-title elementor-size-default\">chi siamo<\/h2>\t\t\t\t<\/div>\n\t\t\t\t<\/div>\n\t\t\t\t\t<\/div>\n\t\t<\/div>\n\t\t\t\t\t<\/div>\n\t\t<\/section>\n\t\t\t\t<section class=\"elementor-section elementor-top-section elementor-element elementor-element-b1100f5 elementor-section-boxed elementor-section-height-default elementor-section-height-default\" data-id=\"b1100f5\" data-element_type=\"section\" data-e-type=\"section\">\n\t\t\t\t\t\t<div class=\"elementor-container elementor-column-gap-default\">\n\t\t\t\t\t<div class=\"elementor-column elementor-col-50 elementor-top-column elementor-element elementor-element-797ebd9\" data-id=\"797ebd9\" data-element_type=\"column\" data-e-type=\"column\">\n\t\t\t<div class=\"elementor-widget-wrap elementor-element-populated\">\n\t\t\t\t\t\t<div class=\"elementor-element elementor-element-00e2ed9 elementor-widget elementor-widget-text-editor\" data-id=\"00e2ed9\" data-element_type=\"widget\" data-e-type=\"widget\" data-widget_type=\"text-editor.default\">\n\t\t\t\t<div class=\"elementor-widget-container\">\n\t\t\t\t\t\t\t\t\t<p>Agilit\u00e0, innovazione, integrit\u00e0 e un grande impegno verso il cliente sono fondamentali per tutto ci\u00f2 che facciamo in Trusted eLearning. Il team di Trusted eLearning formato da appassionati creatori di contenuti, grafici, esperti di file multimediali e i nostri esperti del reparto vendite e supporto ai clienti collaborano per creare contenuti di qualit\u00e0 e personalizzati da pi\u00f9 di 15 anni.<\/p>\n<p>Le nostre profonde radici nei servizi linguistici danno anche a Trusted eLearning un vantaggio decisivo rispetto ad altre aziende di eLearning: Tutto ci\u00f2 che possono fare loro, possiamo farlo anche noi, in pi\u00f9 di 100 lingue diverse.<\/p>\n\t\t\t\t\t\t\t\t<\/div>\n\t\t\t\t<\/div>\n\t\t\t\t\t<\/div>\n\t\t<\/div>\n\t\t\t\t<div class=\"elementor-column elementor-col-50 elementor-top-column elementor-element elementor-element-801ca1f\" data-id=\"801ca1f\" data-element_type=\"column\" data-e-type=\"column\">\n\t\t\t<div class=\"elementor-widget-wrap elementor-element-populated\">\n\t\t\t\t\t\t<div class=\"elementor-element elementor-element-4d65b64 elementor-widget elementor-widget-image\" data-id=\"4d65b64\" data-element_type=\"widget\" data-e-type=\"widget\" data-widget_type=\"image.default\">\n\t\t\t\t<div class=\"elementor-widget-container\">\n\t\t\t\t\t\t\t\t\t\t\t\t\t\t\t<img decoding=\"async\" src=\"https:\/\/www.trustedelearning.com\/wp-content\/uploads\/elementor\/thumbs\/whoweare-rh20gb06dltktw9tsdtltqw6jrnmjskz33l9pdzuhg.png\" title=\"\" alt=\"\" loading=\"lazy\" \/>\t\t\t\t\t\t\t\t\t\t\t\t\t\t\t<\/div>\n\t\t\t\t<\/div>\n\t\t\t\t\t<\/div>\n\t\t<\/div>\n\t\t\t\t\t<\/div>\n\t\t<\/section>\n\t\t\t\t<section class=\"elementor-section elementor-top-section elementor-element elementor-element-49c5996 elementor-section-stretched elementor-section-boxed elementor-section-height-default elementor-section-height-default\" data-id=\"49c5996\" data-element_type=\"section\" data-e-type=\"section\" data-settings=\"{&quot;background_background&quot;:&quot;classic&quot;,&quot;stretch_section&quot;:&quot;section-stretched&quot;}\">\n\t\t\t\t\t\t<div class=\"elementor-container elementor-column-gap-default\">\n\t\t\t\t\t<div class=\"elementor-column elementor-col-100 elementor-top-column elementor-element elementor-element-2bc51ed\" data-id=\"2bc51ed\" data-element_type=\"column\" data-e-type=\"column\">\n\t\t\t<div class=\"elementor-widget-wrap elementor-element-populated\">\n\t\t\t\t\t\t<div class=\"elementor-element elementor-element-72cbdc2 elementor-widget elementor-widget-spacer\" data-id=\"72cbdc2\" data-element_type=\"widget\" data-e-type=\"widget\" data-widget_type=\"spacer.default\">\n\t\t\t\t<div class=\"elementor-widget-container\">\n\t\t\t\t\t\t\t<div class=\"elementor-spacer\">\n\t\t\t<div class=\"elementor-spacer-inner\"><\/div>\n\t\t<\/div>\n\t\t\t\t\t\t<\/div>\n\t\t\t\t<\/div>\n\t\t\t\t<div class=\"elementor-element elementor-element-9afc25f elementor-widget elementor-widget-heading\" data-id=\"9afc25f\" data-element_type=\"widget\" data-e-type=\"widget\" data-widget_type=\"heading.default\">\n\t\t\t\t<div class=\"elementor-widget-container\">\n\t\t\t\t\t<h2 class=\"elementor-heading-title elementor-size-default\">Contattaci<\/h2>\t\t\t\t<\/div>\n\t\t\t\t<\/div>\n\t\t\t\t\t<\/div>\n\t\t<\/div>\n\t\t\t\t\t<\/div>\n\t\t<\/section>\n\t\t\t\t<section class=\"elementor-section elementor-top-section elementor-element elementor-element-45518e4 elementor-section-stretched elementor-section-boxed elementor-section-height-default elementor-section-height-default\" data-id=\"45518e4\" data-element_type=\"section\" data-e-type=\"section\" data-settings=\"{&quot;stretch_section&quot;:&quot;section-stretched&quot;,&quot;background_background&quot;:&quot;classic&quot;}\">\n\t\t\t\t\t\t<div class=\"elementor-container elementor-column-gap-default\">\n\t\t\t\t\t<div class=\"elementor-column elementor-col-50 elementor-top-column elementor-element elementor-element-080edf6\" data-id=\"080edf6\" data-element_type=\"column\" data-e-type=\"column\">\n\t\t\t<div class=\"elementor-widget-wrap elementor-element-populated\">\n\t\t\t\t\t\t<div class=\"elementor-element elementor-element-bf963f4 elementor-list-item-link-full_width elementor-widget elementor-widget-icon-list\" data-id=\"bf963f4\" data-element_type=\"widget\" data-e-type=\"widget\" data-widget_type=\"icon-list.default\">\n\t\t\t\t<div class=\"elementor-widget-container\">\n\t\t\t\t\t\t\t<ul class=\"elementor-icon-list-items\">\n\t\t\t\t\t\t\t<li class=\"elementor-icon-list-item\">\n\t\t\t\t\t\t\t\t\t\t\t<span class=\"elementor-icon-list-icon\">\n\t\t\t\t\t\t\t<i aria-hidden=\"true\" class=\"fas fa-chevron-right\"><\/i>\t\t\t\t\t\t<\/span>\n\t\t\t\t\t\t\t\t\t\t<span class=\"elementor-icon-list-text\">\ud83c\udf10 Trusted eLearning<\/span>\n\t\t\t\t\t\t\t\t\t<\/li>\n\t\t\t\t\t\t\t\t<li class=\"elementor-icon-list-item\">\n\t\t\t\t\t\t\t\t\t\t\t<span class=\"elementor-icon-list-icon\">\n\t\t\t\t\t\t\t<i aria-hidden=\"true\" class=\"fas fa-chevron-right\"><\/i>\t\t\t\t\t\t<\/span>\n\t\t\t\t\t\t\t\t\t\t<span class=\"elementor-icon-list-text\">\ud83d\udccd 66 W Flagler St #1200, Miami, FL 33130, USA<\/span>\n\t\t\t\t\t\t\t\t\t<\/li>\n\t\t\t\t\t\t\t\t<li class=\"elementor-icon-list-item\">\n\t\t\t\t\t\t\t\t\t\t\t<span class=\"elementor-icon-list-icon\">\n\t\t\t\t\t\t\t<i aria-hidden=\"true\" class=\"fas fa-chevron-right\"><\/i>\t\t\t\t\t\t<\/span>\n\t\t\t\t\t\t\t\t\t\t<span class=\"elementor-icon-list-text\"><a href=\"tel:+1 877-255-0717\">\ud83d\udcf1  +1 877-255-0717<\/a><\/span>\n\t\t\t\t\t\t\t\t\t<\/li>\n\t\t\t\t\t\t\t\t<li class=\"elementor-icon-list-item\">\n\t\t\t\t\t\t\t\t\t\t\t<span class=\"elementor-icon-list-icon\">\n\t\t\t\t\t\t\t<i aria-hidden=\"true\" class=\"fas fa-chevron-right\"><\/i>\t\t\t\t\t\t<\/span>\n\t\t\t\t\t\t\t\t\t\t<span class=\"elementor-icon-list-text\"><a href=\"m&#97;&#x69;&#x6c;&#x74;o&#58;&#x69;&#x6e;&#x66;o&#64;&#x74;&#x72;&#x75;s&#116;&#x65;&#x64;&#x65;l&#101;&#x61;&#x72;&#x6e;i&#110;&#x67;&#x2e;&#x63;o&#109;\">\u2709\ufe0f &#x69;&#110;&#102;o&#x40;&#x74;&#114;u&#x73;&#x74;&#101;d&#x65;&#x6c;&#101;a&#x72;&#x6e;&#105;n&#x67;&#x2e;&#99;o&#x6d;<\/a><\/span>\n\t\t\t\t\t\t\t\t\t<\/li>\n\t\t\t\t\t\t<\/ul>\n\t\t\t\t\t\t<\/div>\n\t\t\t\t<\/div>\n\t\t\t\t\t<\/div>\n\t\t<\/div>\n\t\t\t\t<div class=\"elementor-column elementor-col-50 elementor-top-column elementor-element elementor-element-0797ceb\" data-id=\"0797ceb\" data-element_type=\"column\" data-e-type=\"column\">\n\t\t\t<div class=\"elementor-widget-wrap elementor-element-populated\">\n\t\t\t\t\t\t<div class=\"elementor-element elementor-element-0cb1227 elementor-widget elementor-widget-shortcode\" data-id=\"0cb1227\" data-element_type=\"widget\" data-e-type=\"widget\" data-widget_type=\"shortcode.default\">\n\t\t\t\t<div class=\"elementor-widget-container\">\n\t\t\t\t\t\t\t<div class=\"elementor-shortcode\">\n<div class=\"wpcf7 no-js\" id=\"wpcf7-f2894-o1\" lang=\"it-IT\" dir=\"ltr\" data-wpcf7-id=\"2894\">\n<div class=\"screen-reader-response\"><p role=\"status\" aria-live=\"polite\" aria-atomic=\"true\"><\/p> <ul><\/ul><\/div>\n<form action=\"\/it\/wp-json\/wp\/v2\/pages\/2529#wpcf7-f2894-o1\" method=\"post\" class=\"wpcf7-form init\" aria-label=\"Modulo di contatto\" novalidate=\"novalidate\" data-status=\"init\">\n<fieldset class=\"hidden-fields-container\"><input type=\"hidden\" name=\"_wpcf7\" value=\"2894\" \/><input type=\"hidden\" name=\"_wpcf7_version\" value=\"6.1.5\" \/><input type=\"hidden\" name=\"_wpcf7_locale\" value=\"it_IT\" \/><input type=\"hidden\" name=\"_wpcf7_unit_tag\" value=\"wpcf7-f2894-o1\" \/><input type=\"hidden\" name=\"_wpcf7_container_post\" value=\"0\" \/><input type=\"hidden\" name=\"_wpcf7_posted_data_hash\" value=\"\" \/><input type=\"hidden\" name=\"_wpcf7_recaptcha_response\" value=\"\" \/>\n<\/fieldset>\n<style>\n.etiqueta{\n color:black;\n font-weight: bold;\n}\n.wpcf7 input[type=\"text\"],\n.wpcf7 input[type=\"email\"],\n.wpcf7 textarea{\n background-color:white;\n}\n.wpcf7 input[type=\"submit\"]{\nbackground-color: #404248;\nborder-radius:6px;\n}\n\n.wpcf7 input[type=\"submit\"]:hover{\nbackground-color: #404248;\n}\n<\/style>\n<p><label class=\"etiqueta\"> Nome completo *<br \/>\n<span class=\"wpcf7-form-control-wrap\" data-name=\"your-name\"><input size=\"50\" maxlength=\"400\" class=\"wpcf7-form-control wpcf7-text wpcf7-validates-as-required\" aria-required=\"true\" aria-invalid=\"false\" value=\"\" type=\"text\" name=\"your-name\" \/><\/span> <\/label><br \/>\n<label class=\"etiqueta\"> Nome dell'azienda<br \/>\n<span class=\"wpcf7-form-control-wrap\" data-name=\"your-company\"><input size=\"50\" maxlength=\"400\" class=\"wpcf7-form-control wpcf7-text\" aria-invalid=\"false\" value=\"\" type=\"text\" name=\"your-company\" \/><\/span> <\/label><br \/>\n<label class=\"etiqueta\"> E-mail *<br \/>\n<span class=\"wpcf7-form-control-wrap\" data-name=\"your-email\"><input size=\"50\" maxlength=\"400\" class=\"wpcf7-form-control wpcf7-email wpcf7-validates-as-required wpcf7-text wpcf7-validates-as-email\" aria-required=\"true\" aria-invalid=\"false\" value=\"\" type=\"email\" name=\"your-email\" \/><\/span> <\/label><br \/>\n<label class=\"etiqueta\"> Numero di telefono<br \/>\n<span class=\"wpcf7-form-control-wrap\" data-name=\"your-phone\"><input size=\"50\" maxlength=\"400\" class=\"wpcf7-form-control wpcf7-text\" aria-invalid=\"false\" value=\"\" type=\"text\" name=\"your-phone\" \/><\/span> <\/label><br \/>\n<label class=\"etiqueta\"> Inserisci il tuo messaggio qui:*<br \/>\n<span class=\"wpcf7-form-control-wrap\" data-name=\"your-message\"><textarea cols=\"45\" rows=\"3\" maxlength=\"2000\" class=\"wpcf7-form-control wpcf7-textarea wpcf7-validates-as-required form-control\" aria-required=\"true\" aria-invalid=\"false\" name=\"your-message\"><\/textarea><\/span> <\/label>\n<\/p>\n<p><input class=\"wpcf7-form-control wpcf7-submit has-spinner\" type=\"submit\" value=\"Spedire\" \/>\n<\/p><div class=\"wpcf7-response-output\" aria-hidden=\"true\"><\/div>\n<\/form>\n<\/div>\n<\/div>\n\t\t\t\t\t\t<\/div>\n\t\t\t\t<\/div>\n\t\t\t\t\t<\/div>\n\t\t<\/div>\n\t\t\t\t\t<\/div>\n\t\t<\/section>\n\t\t\t\t<\/div>\n\t\t","protected":false},"excerpt":{"rendered":"<p>chi siamo Agilit\u00e0, innovazione, integrit\u00e0 e un grande impegno verso il cliente sono fondamentali per tutto ci\u00f2 che facciamo in Trusted eLearning. Il team di Trusted eLearning formato da appassionati creatori di contenuti, grafici, esperti di file multimediali e i nostri esperti del reparto vendite e supporto ai clienti collaborano per creare contenuti di qualit\u00e0&hellip;&nbsp;<a href=\"https:\/\/www.trustedelearning.com\/it\/chi-siamo\/\" rel=\"bookmark\">Leggi tutto &raquo;<span class=\"screen-reader-text\">Chi siamo<\/span><\/a><\/p>\n","protected":false},"author":1,"featured_media":0,"parent":0,"menu_order":0,"comment_status":"closed","ping_status":"closed","template":"","meta":{"_acf_changed":false,"neve_meta_sidebar":"full-width","neve_meta_container":"","neve_meta_enable_content_width":"on","neve_meta_content_width":100,"neve_meta_title_alignment":"","neve_meta_author_avatar":"","neve_post_elements_order":"","neve_meta_disable_header":"off","neve_meta_disable_footer":"off","neve_meta_disable_title":"on","footnotes":""},"class_list":["post-2529","page","type-page","status-publish","hentry"],"acf":[],"yoast_head":"<!-- This site is optimized with the Yoast SEO plugin v27.1.1 - https:\/\/yoast.com\/product\/yoast-seo-wordpress\/ -->\n<title>Chi siamo - Trusted eLearning<\/title>\n<meta name=\"robots\" content=\"index, follow, max-snippet:-1, max-image-preview:large, max-video-preview:-1\" \/>\n<link rel=\"canonical\" href=\"https:\/\/www.trustedelearning.com\/it\/chi-siamo\/\" \/>\n<meta property=\"og:locale\" content=\"it_IT\" \/>\n<meta property=\"og:type\" content=\"article\" \/>\n<meta property=\"og:title\" content=\"Chi siamo - Trusted eLearning\" \/>\n<meta property=\"og:description\" content=\"chi siamo Agilit\u00e0, innovazione, integrit\u00e0 e un grande impegno verso il cliente sono fondamentali per tutto ci\u00f2 che facciamo in Trusted eLearning. Il team di Trusted eLearning formato da appassionati creatori di contenuti, grafici, esperti di file multimediali e i nostri esperti del reparto vendite e supporto ai clienti collaborano per creare contenuti di qualit\u00e0&hellip;&nbsp;Leggi tutto &raquo;Chi siamo\" \/>\n<meta property=\"og:url\" content=\"https:\/\/www.trustedelearning.com\/it\/chi-siamo\/\" \/>\n<meta property=\"og:site_name\" content=\"Trusted eLearning\" \/>\n<meta property=\"og:image\" content=\"https:\/\/www.trustedelearning.com\/wp-content\/uploads\/elementor\/thumbs\/whoweare-p7goezicl5pd62cfbzhzk9g6oly6t9qod5iowij8yc.png\" \/>\n<meta name=\"twitter:card\" content=\"summary_large_image\" \/>\n<meta name=\"twitter:label1\" content=\"Tempo di lettura stimato\" \/>\n\t<meta name=\"twitter:data1\" content=\"1 minuto\" \/>\n<script type=\"application\/ld+json\" class=\"yoast-schema-graph\">{\"@context\":\"https:\/\/schema.org\",\"@graph\":[{\"@type\":\"WebPage\",\"@id\":\"https:\/\/www.trustedelearning.com\/it\/chi-siamo\/\",\"url\":\"https:\/\/www.trustedelearning.com\/it\/chi-siamo\/\",\"name\":\"Chi siamo - Trusted eLearning\",\"isPartOf\":{\"@id\":\"https:\/\/www.trustedelearning.com\/it\/#website\"},\"primaryImageOfPage\":{\"@id\":\"https:\/\/www.trustedelearning.com\/it\/chi-siamo\/#primaryimage\"},\"image\":{\"@id\":\"https:\/\/www.trustedelearning.com\/it\/chi-siamo\/#primaryimage\"},\"thumbnailUrl\":\"https:\/\/www.trustedelearning.com\/wp-content\/uploads\/elementor\/thumbs\/whoweare-p7goezicl5pd62cfbzhzk9g6oly6t9qod5iowij8yc.png\",\"datePublished\":\"2021-06-17T16:36:39+00:00\",\"breadcrumb\":{\"@id\":\"https:\/\/www.trustedelearning.com\/it\/chi-siamo\/#breadcrumb\"},\"inLanguage\":\"it-IT\",\"potentialAction\":[{\"@type\":\"ReadAction\",\"target\":[\"https:\/\/www.trustedelearning.com\/it\/chi-siamo\/\"]}]},{\"@type\":\"ImageObject\",\"inLanguage\":\"it-IT\",\"@id\":\"https:\/\/www.trustedelearning.com\/it\/chi-siamo\/#primaryimage\",\"url\":\"https:\/\/www.trustedelearning.com\/wp-content\/uploads\/elementor\/thumbs\/whoweare-p7goezicl5pd62cfbzhzk9g6oly6t9qod5iowij8yc.png\",\"contentUrl\":\"https:\/\/www.trustedelearning.com\/wp-content\/uploads\/elementor\/thumbs\/whoweare-p7goezicl5pd62cfbzhzk9g6oly6t9qod5iowij8yc.png\"},{\"@type\":\"BreadcrumbList\",\"@id\":\"https:\/\/www.trustedelearning.com\/it\/chi-siamo\/#breadcrumb\",\"itemListElement\":[{\"@type\":\"ListItem\",\"position\":1,\"name\":\"Home\",\"item\":\"https:\/\/www.trustedelearning.com\/it\/\"},{\"@type\":\"ListItem\",\"position\":2,\"name\":\"Chi siamo\"}]},{\"@type\":\"WebSite\",\"@id\":\"https:\/\/www.trustedelearning.com\/it\/#website\",\"url\":\"https:\/\/www.trustedelearning.com\/it\/\",\"name\":\"Trusted eLearning\",\"description\":\"\",\"publisher\":{\"@id\":\"https:\/\/www.trustedelearning.com\/it\/#organization\"},\"potentialAction\":[{\"@type\":\"SearchAction\",\"target\":{\"@type\":\"EntryPoint\",\"urlTemplate\":\"https:\/\/www.trustedelearning.com\/it\/?s={search_term_string}\"},\"query-input\":{\"@type\":\"PropertyValueSpecification\",\"valueRequired\":true,\"valueName\":\"search_term_string\"}}],\"inLanguage\":\"it-IT\"},{\"@type\":\"Organization\",\"@id\":\"https:\/\/www.trustedelearning.com\/it\/#organization\",\"name\":\"Trusted eLearning\",\"url\":\"https:\/\/www.trustedelearning.com\/it\/\",\"logo\":{\"@type\":\"ImageObject\",\"inLanguage\":\"it-IT\",\"@id\":\"https:\/\/www.trustedelearning.com\/it\/#\/schema\/logo\/image\/\",\"url\":\"https:\/\/www.trustedelearning.com\/wp-content\/uploads\/2019\/11\/1.png\",\"contentUrl\":\"https:\/\/www.trustedelearning.com\/wp-content\/uploads\/2019\/11\/1.png\",\"width\":345,\"height\":164,\"caption\":\"Trusted eLearning\"},\"image\":{\"@id\":\"https:\/\/www.trustedelearning.com\/it\/#\/schema\/logo\/image\/\"}}]}<\/script>\n<!-- \/ Yoast SEO plugin. -->","yoast_head_json":{"title":"Chi siamo - Trusted eLearning","robots":{"index":"index","follow":"follow","max-snippet":"max-snippet:-1","max-image-preview":"max-image-preview:large","max-video-preview":"max-video-preview:-1"},"canonical":"https:\/\/www.trustedelearning.com\/it\/chi-siamo\/","og_locale":"it_IT","og_type":"article","og_title":"Chi siamo - Trusted eLearning","og_description":"chi siamo Agilit\u00e0, innovazione, integrit\u00e0 e un grande impegno verso il cliente sono fondamentali per tutto ci\u00f2 che facciamo in Trusted eLearning. Il team di Trusted eLearning formato da appassionati creatori di contenuti, grafici, esperti di file multimediali e i nostri esperti del reparto vendite e supporto ai clienti collaborano per creare contenuti di qualit\u00e0&hellip;&nbsp;Leggi tutto &raquo;Chi siamo","og_url":"https:\/\/www.trustedelearning.com\/it\/chi-siamo\/","og_site_name":"Trusted eLearning","og_image":[{"url":"https:\/\/www.trustedelearning.com\/wp-content\/uploads\/elementor\/thumbs\/whoweare-p7goezicl5pd62cfbzhzk9g6oly6t9qod5iowij8yc.png","type":"","width":"","height":""}],"twitter_card":"summary_large_image","twitter_misc":{"Tempo di lettura stimato":"1 minuto"},"schema":{"@context":"https:\/\/schema.org","@graph":[{"@type":"WebPage","@id":"https:\/\/www.trustedelearning.com\/it\/chi-siamo\/","url":"https:\/\/www.trustedelearning.com\/it\/chi-siamo\/","name":"Chi siamo - Trusted eLearning","isPartOf":{"@id":"https:\/\/www.trustedelearning.com\/it\/#website"},"primaryImageOfPage":{"@id":"https:\/\/www.trustedelearning.com\/it\/chi-siamo\/#primaryimage"},"image":{"@id":"https:\/\/www.trustedelearning.com\/it\/chi-siamo\/#primaryimage"},"thumbnailUrl":"https:\/\/www.trustedelearning.com\/wp-content\/uploads\/elementor\/thumbs\/whoweare-p7goezicl5pd62cfbzhzk9g6oly6t9qod5iowij8yc.png","datePublished":"2021-06-17T16:36:39+00:00","breadcrumb":{"@id":"https:\/\/www.trustedelearning.com\/it\/chi-siamo\/#breadcrumb"},"inLanguage":"it-IT","potentialAction":[{"@type":"ReadAction","target":["https:\/\/www.trustedelearning.com\/it\/chi-siamo\/"]}]},{"@type":"ImageObject","inLanguage":"it-IT","@id":"https:\/\/www.trustedelearning.com\/it\/chi-siamo\/#primaryimage","url":"https:\/\/www.trustedelearning.com\/wp-content\/uploads\/elementor\/thumbs\/whoweare-p7goezicl5pd62cfbzhzk9g6oly6t9qod5iowij8yc.png","contentUrl":"https:\/\/www.trustedelearning.com\/wp-content\/uploads\/elementor\/thumbs\/whoweare-p7goezicl5pd62cfbzhzk9g6oly6t9qod5iowij8yc.png"},{"@type":"BreadcrumbList","@id":"https:\/\/www.trustedelearning.com\/it\/chi-siamo\/#breadcrumb","itemListElement":[{"@type":"ListItem","position":1,"name":"Home","item":"https:\/\/www.trustedelearning.com\/it\/"},{"@type":"ListItem","position":2,"name":"Chi siamo"}]},{"@type":"WebSite","@id":"https:\/\/www.trustedelearning.com\/it\/#website","url":"https:\/\/www.trustedelearning.com\/it\/","name":"Trusted eLearning","description":"","publisher":{"@id":"https:\/\/www.trustedelearning.com\/it\/#organization"},"potentialAction":[{"@type":"SearchAction","target":{"@type":"EntryPoint","urlTemplate":"https:\/\/www.trustedelearning.com\/it\/?s={search_term_string}"},"query-input":{"@type":"PropertyValueSpecification","valueRequired":true,"valueName":"search_term_string"}}],"inLanguage":"it-IT"},{"@type":"Organization","@id":"https:\/\/www.trustedelearning.com\/it\/#organization","name":"Trusted eLearning","url":"https:\/\/www.trustedelearning.com\/it\/","logo":{"@type":"ImageObject","inLanguage":"it-IT","@id":"https:\/\/www.trustedelearning.com\/it\/#\/schema\/logo\/image\/","url":"https:\/\/www.trustedelearning.com\/wp-content\/uploads\/2019\/11\/1.png","contentUrl":"https:\/\/www.trustedelearning.com\/wp-content\/uploads\/2019\/11\/1.png","width":345,"height":164,"caption":"Trusted eLearning"},"image":{"@id":"https:\/\/www.trustedelearning.com\/it\/#\/schema\/logo\/image\/"}}]}},"_links":{"self":[{"href":"https:\/\/www.trustedelearning.com\/it\/wp-json\/wp\/v2\/pages\/2529","targetHints":{"allow":["GET"]}}],"collection":[{"href":"https:\/\/www.trustedelearning.com\/it\/wp-json\/wp\/v2\/pages"}],"about":[{"href":"https:\/\/www.trustedelearning.com\/it\/wp-json\/wp\/v2\/types\/page"}],"author":[{"embeddable":true,"href":"https:\/\/www.trustedelearning.com\/it\/wp-json\/wp\/v2\/users\/1"}],"replies":[{"embeddable":true,"href":"https:\/\/www.trustedelearning.com\/it\/wp-json\/wp\/v2\/comments?post=2529"}],"version-history":[{"count":0,"href":"https:\/\/www.trustedelearning.com\/it\/wp-json\/wp\/v2\/pages\/2529\/revisions"}],"wp:attachment":[{"href":"https:\/\/www.trustedelearning.com\/it\/wp-json\/wp\/v2\/media?parent=2529"}],"curies":[{"name":"wp","href":"https:\/\/api.w.org\/{rel}","templated":true}]}}