{"id":1512,"date":"2020-07-01T17:11:45","date_gmt":"2020-07-01T17:11:45","guid":{"rendered":"https:\/\/www.trustedelearning.com\/?page_id=1512"},"modified":"2020-07-01T17:11:45","modified_gmt":"2020-07-01T17:11:45","slug":"quienes-somos","status":"publish","type":"page","link":"https:\/\/www.trustedelearning.com\/es\/quienes-somos\/","title":{"rendered":"Qui\u00e9nes somos"},"content":{"rendered":"\t\t<div data-elementor-type=\"wp-page\" data-elementor-id=\"1512\" class=\"elementor elementor-1512 elementor-116\">\n\t\t\t\t\t\t<section class=\"elementor-section elementor-top-section elementor-element elementor-element-11610de7 elementor-section-boxed elementor-section-height-default elementor-section-height-default\" data-id=\"11610de7\" data-element_type=\"section\" data-e-type=\"section\">\n\t\t\t\t\t\t<div class=\"elementor-container elementor-column-gap-no\">\n\t\t\t\t\t<div class=\"elementor-column elementor-col-100 elementor-top-column elementor-element elementor-element-3c4d721\" data-id=\"3c4d721\" data-element_type=\"column\" data-e-type=\"column\">\n\t\t\t<div class=\"elementor-widget-wrap elementor-element-populated\">\n\t\t\t\t\t\t<div class=\"elementor-element elementor-element-b86df11 elementor-widget elementor-widget-shortcode\" data-id=\"b86df11\" data-element_type=\"widget\" data-e-type=\"widget\" data-widget_type=\"shortcode.default\">\n\t\t\t\t<div class=\"elementor-widget-container\">\n\t\t\t\t\t\t\t<div class=\"elementor-shortcode\"><span><span><a href=\"https:\/\/www.trustedelearning.com\/es\/\">Inicio<\/a><\/span><\/span><\/div>\n\t\t\t\t\t\t<\/div>\n\t\t\t\t<\/div>\n\t\t\t\t\t<\/div>\n\t\t<\/div>\n\t\t\t\t\t<\/div>\n\t\t<\/section>\n\t\t\t\t<section class=\"elementor-section elementor-top-section elementor-element elementor-element-33c18242 elementor-section-boxed elementor-section-height-default elementor-section-height-default\" data-id=\"33c18242\" data-element_type=\"section\" data-e-type=\"section\">\n\t\t\t\t\t\t<div class=\"elementor-container elementor-column-gap-default\">\n\t\t\t\t\t<div class=\"elementor-column elementor-col-100 elementor-top-column elementor-element elementor-element-1870683a\" data-id=\"1870683a\" data-element_type=\"column\" data-e-type=\"column\">\n\t\t\t<div class=\"elementor-widget-wrap elementor-element-populated\">\n\t\t\t\t\t\t<div class=\"elementor-element elementor-element-17fd50bf elementor-widget elementor-widget-heading\" data-id=\"17fd50bf\" data-element_type=\"widget\" data-e-type=\"widget\" data-widget_type=\"heading.default\">\n\t\t\t\t<div class=\"elementor-widget-container\">\n\t\t\t\t\t<h2 class=\"elementor-heading-title elementor-size-default\">qui\u00e9nes somos<\/h2>\t\t\t\t<\/div>\n\t\t\t\t<\/div>\n\t\t\t\t\t<\/div>\n\t\t<\/div>\n\t\t\t\t\t<\/div>\n\t\t<\/section>\n\t\t\t\t<section class=\"elementor-section elementor-top-section elementor-element elementor-element-b1100f5 elementor-section-boxed elementor-section-height-default elementor-section-height-default\" data-id=\"b1100f5\" data-element_type=\"section\" data-e-type=\"section\">\n\t\t\t\t\t\t<div class=\"elementor-container elementor-column-gap-default\">\n\t\t\t\t\t<div class=\"elementor-column elementor-col-50 elementor-top-column elementor-element elementor-element-797ebd9\" data-id=\"797ebd9\" data-element_type=\"column\" data-e-type=\"column\">\n\t\t\t<div class=\"elementor-widget-wrap elementor-element-populated\">\n\t\t\t\t\t\t<div class=\"elementor-element elementor-element-00e2ed9 elementor-widget elementor-widget-text-editor\" data-id=\"00e2ed9\" data-element_type=\"widget\" data-e-type=\"widget\" data-widget_type=\"text-editor.default\">\n\t\t\t\t<div class=\"elementor-widget-container\">\n\t\t\t\t\t\t\t\t\t<p>La agilidad, la innovaci\u00f3n, la integridad y el compromiso incansable con la satisfacci\u00f3n del cliente son un aspecto fundamental de todo lo que hacemos en Trusted eLearning. El equipo de apasionados creadores de contenido, dise\u00f1adores gr\u00e1ficos, expertos en multimedia y especialistas en ventas y servicio al cliente de Trusted eLearning lleva m\u00e1s de 15 a\u00f1os trabajando en conjunto para crear contenido personalizado y de calidad.<\/p>\n<p>Nuestras profundas ra\u00edces en servicios ling\u00fc\u00edsticos tambi\u00e9n aporta una ventaja decisiva a Trusted eLearning sobre otras empresas de e-learning: Podemos hacer el mismo trabajo que esas empresas, y en m\u00e1s de 100 idiomas diferentes.<\/p>\n\t\t\t\t\t\t\t\t<\/div>\n\t\t\t\t<\/div>\n\t\t\t\t\t<\/div>\n\t\t<\/div>\n\t\t\t\t<div class=\"elementor-column elementor-col-50 elementor-top-column elementor-element elementor-element-801ca1f\" data-id=\"801ca1f\" data-element_type=\"column\" data-e-type=\"column\">\n\t\t\t<div class=\"elementor-widget-wrap elementor-element-populated\">\n\t\t\t\t\t\t<div class=\"elementor-element elementor-element-4d65b64 elementor-widget elementor-widget-image\" data-id=\"4d65b64\" data-element_type=\"widget\" data-e-type=\"widget\" data-widget_type=\"image.default\">\n\t\t\t\t<div class=\"elementor-widget-container\">\n\t\t\t\t\t\t\t\t\t\t\t\t\t\t\t<img decoding=\"async\" src=\"https:\/\/www.trustedelearning.com\/wp-content\/uploads\/elementor\/thumbs\/whoweare-rh20gb06dltktw9tsdtltqw6jrnmjskz33l9pdzuhg.png\" title=\"\" alt=\"\" loading=\"lazy\" \/>\t\t\t\t\t\t\t\t\t\t\t\t\t\t\t<\/div>\n\t\t\t\t<\/div>\n\t\t\t\t\t<\/div>\n\t\t<\/div>\n\t\t\t\t\t<\/div>\n\t\t<\/section>\n\t\t\t\t<section class=\"elementor-section elementor-top-section elementor-element elementor-element-49c5996 elementor-section-stretched elementor-section-boxed elementor-section-height-default elementor-section-height-default\" data-id=\"49c5996\" data-element_type=\"section\" data-e-type=\"section\" data-settings=\"{&quot;background_background&quot;:&quot;classic&quot;,&quot;stretch_section&quot;:&quot;section-stretched&quot;}\">\n\t\t\t\t\t\t<div class=\"elementor-container elementor-column-gap-default\">\n\t\t\t\t\t<div class=\"elementor-column elementor-col-100 elementor-top-column elementor-element elementor-element-2bc51ed\" data-id=\"2bc51ed\" data-element_type=\"column\" data-e-type=\"column\">\n\t\t\t<div class=\"elementor-widget-wrap elementor-element-populated\">\n\t\t\t\t\t\t<div class=\"elementor-element elementor-element-72cbdc2 elementor-widget elementor-widget-spacer\" data-id=\"72cbdc2\" data-element_type=\"widget\" data-e-type=\"widget\" data-widget_type=\"spacer.default\">\n\t\t\t\t<div class=\"elementor-widget-container\">\n\t\t\t\t\t\t\t<div class=\"elementor-spacer\">\n\t\t\t<div class=\"elementor-spacer-inner\"><\/div>\n\t\t<\/div>\n\t\t\t\t\t\t<\/div>\n\t\t\t\t<\/div>\n\t\t\t\t<div class=\"elementor-element elementor-element-9afc25f elementor-widget elementor-widget-heading\" data-id=\"9afc25f\" data-element_type=\"widget\" data-e-type=\"widget\" data-widget_type=\"heading.default\">\n\t\t\t\t<div class=\"elementor-widget-container\">\n\t\t\t\t\t<h2 class=\"elementor-heading-title elementor-size-default\">Cont\u00e1ctenos<\/h2>\t\t\t\t<\/div>\n\t\t\t\t<\/div>\n\t\t\t\t\t<\/div>\n\t\t<\/div>\n\t\t\t\t\t<\/div>\n\t\t<\/section>\n\t\t\t\t<section class=\"elementor-section elementor-top-section elementor-element elementor-element-45518e4 elementor-section-stretched elementor-section-boxed elementor-section-height-default elementor-section-height-default\" data-id=\"45518e4\" data-element_type=\"section\" data-e-type=\"section\" data-settings=\"{&quot;stretch_section&quot;:&quot;section-stretched&quot;,&quot;background_background&quot;:&quot;classic&quot;}\">\n\t\t\t\t\t\t<div class=\"elementor-container elementor-column-gap-default\">\n\t\t\t\t\t<div class=\"elementor-column elementor-col-50 elementor-top-column elementor-element elementor-element-080edf6\" data-id=\"080edf6\" data-element_type=\"column\" data-e-type=\"column\">\n\t\t\t<div class=\"elementor-widget-wrap elementor-element-populated\">\n\t\t\t\t\t\t<div class=\"elementor-element elementor-element-bf963f4 elementor-list-item-link-full_width elementor-widget elementor-widget-icon-list\" data-id=\"bf963f4\" data-element_type=\"widget\" data-e-type=\"widget\" data-widget_type=\"icon-list.default\">\n\t\t\t\t<div class=\"elementor-widget-container\">\n\t\t\t\t\t\t\t<ul class=\"elementor-icon-list-items\">\n\t\t\t\t\t\t\t<li class=\"elementor-icon-list-item\">\n\t\t\t\t\t\t\t\t\t\t\t<span class=\"elementor-icon-list-icon\">\n\t\t\t\t\t\t\t<i aria-hidden=\"true\" class=\"fas fa-chevron-right\"><\/i>\t\t\t\t\t\t<\/span>\n\t\t\t\t\t\t\t\t\t\t<span class=\"elementor-icon-list-text\">\ud83c\udf10 Trusted eLearning<\/span>\n\t\t\t\t\t\t\t\t\t<\/li>\n\t\t\t\t\t\t\t\t<li class=\"elementor-icon-list-item\">\n\t\t\t\t\t\t\t\t\t\t\t<span class=\"elementor-icon-list-icon\">\n\t\t\t\t\t\t\t<i aria-hidden=\"true\" class=\"fas fa-chevron-right\"><\/i>\t\t\t\t\t\t<\/span>\n\t\t\t\t\t\t\t\t\t\t<span class=\"elementor-icon-list-text\">\ud83d\udccd 66 W Flagler St #1200, Miami, FL 33130, USA<\/span>\n\t\t\t\t\t\t\t\t\t<\/li>\n\t\t\t\t\t\t\t\t<li class=\"elementor-icon-list-item\">\n\t\t\t\t\t\t\t\t\t\t\t<span class=\"elementor-icon-list-icon\">\n\t\t\t\t\t\t\t<i aria-hidden=\"true\" class=\"fas fa-chevron-right\"><\/i>\t\t\t\t\t\t<\/span>\n\t\t\t\t\t\t\t\t\t\t<span class=\"elementor-icon-list-text\"><a href=\"tel:+1 877-255-0717\">\ud83d\udcf1  +1 877-255-0717<\/a><\/span>\n\t\t\t\t\t\t\t\t\t<\/li>\n\t\t\t\t\t\t\t\t<li class=\"elementor-icon-list-item\">\n\t\t\t\t\t\t\t\t\t\t\t<span class=\"elementor-icon-list-icon\">\n\t\t\t\t\t\t\t<i aria-hidden=\"true\" class=\"fas fa-chevron-right\"><\/i>\t\t\t\t\t\t<\/span>\n\t\t\t\t\t\t\t\t\t\t<span class=\"elementor-icon-list-text\"><a href=\"m&#97;&#105;&#x6c;&#x74;&#x6f;:&#105;&#110;&#x66;&#x6f;&#x40;tr&#117;&#x73;&#x74;&#x65;de&#108;&#101;&#x61;&#x72;&#x6e;i&#110;&#103;&#x2e;&#x63;&#x6f;m\">\u2709\ufe0f &#105;&#x6e;&#102;&#x6f;&#64;&#x74;r&#x75;s&#116;&#x65;&#100;&#x65;&#108;&#x65;a&#x72;n&#105;&#x6e;&#103;&#x2e;&#99;&#x6f;&#109;<\/a><\/span>\n\t\t\t\t\t\t\t\t\t<\/li>\n\t\t\t\t\t\t<\/ul>\n\t\t\t\t\t\t<\/div>\n\t\t\t\t<\/div>\n\t\t\t\t\t<\/div>\n\t\t<\/div>\n\t\t\t\t<div class=\"elementor-column elementor-col-50 elementor-top-column elementor-element elementor-element-0797ceb\" data-id=\"0797ceb\" data-element_type=\"column\" data-e-type=\"column\">\n\t\t\t<div class=\"elementor-widget-wrap elementor-element-populated\">\n\t\t\t\t\t\t<div class=\"elementor-element elementor-element-0cb1227 elementor-widget elementor-widget-shortcode\" data-id=\"0cb1227\" data-element_type=\"widget\" data-e-type=\"widget\" data-widget_type=\"shortcode.default\">\n\t\t\t\t<div class=\"elementor-widget-container\">\n\t\t\t\t\t\t\t<div class=\"elementor-shortcode\">\n<div class=\"wpcf7 no-js\" id=\"wpcf7-f1732-o1\" lang=\"es-ES\" dir=\"ltr\" data-wpcf7-id=\"1732\">\n<div class=\"screen-reader-response\"><p role=\"status\" aria-live=\"polite\" aria-atomic=\"true\"><\/p> <ul><\/ul><\/div>\n<form action=\"\/es\/wp-json\/wp\/v2\/pages\/1512#wpcf7-f1732-o1\" method=\"post\" class=\"wpcf7-form init\" aria-label=\"Formulario de contacto\" novalidate=\"novalidate\" data-status=\"init\">\n<fieldset class=\"hidden-fields-container\"><input type=\"hidden\" name=\"_wpcf7\" value=\"1732\" \/><input type=\"hidden\" name=\"_wpcf7_version\" value=\"6.1.5\" \/><input type=\"hidden\" name=\"_wpcf7_locale\" value=\"es_ES\" \/><input type=\"hidden\" name=\"_wpcf7_unit_tag\" value=\"wpcf7-f1732-o1\" \/><input type=\"hidden\" name=\"_wpcf7_container_post\" value=\"0\" \/><input type=\"hidden\" name=\"_wpcf7_posted_data_hash\" value=\"\" \/><input type=\"hidden\" name=\"_wpcf7_recaptcha_response\" value=\"\" \/>\n<\/fieldset>\n<style>\n.etiqueta{\n color:black;\n font-weight: bold;\n}\n.wpcf7 input[type=\"text\"],\n.wpcf7 input[type=\"email\"],\n.wpcf7 textarea{\n background-color:white;\n}\n.wpcf7 input[type=\"submit\"]{\nbackground-color: #404248;\nborder-radius:6px;\n}\n\n.wpcf7 input[type=\"submit\"]:hover{\nbackground-color: #404248;\n}\n<\/style>\n<p><label class=\"etiqueta\"> Nombre Completo *<br \/>\n<span class=\"wpcf7-form-control-wrap\" data-name=\"your-name\"><input size=\"50\" maxlength=\"400\" class=\"wpcf7-form-control wpcf7-text wpcf7-validates-as-required\" aria-required=\"true\" aria-invalid=\"false\" value=\"\" type=\"text\" name=\"your-name\" \/><\/span> <\/label><br \/>\n<label class=\"etiqueta\"> Empresa<br \/>\n<span class=\"wpcf7-form-control-wrap\" data-name=\"your-company\"><input size=\"50\" maxlength=\"400\" class=\"wpcf7-form-control wpcf7-text\" aria-invalid=\"false\" value=\"\" type=\"text\" name=\"your-company\" \/><\/span> <\/label><br \/>\n<label class=\"etiqueta\"> Correo electr\u00f3nico *<br \/>\n<span class=\"wpcf7-form-control-wrap\" data-name=\"your-email\"><input size=\"50\" maxlength=\"400\" class=\"wpcf7-form-control wpcf7-email wpcf7-validates-as-required wpcf7-text wpcf7-validates-as-email\" aria-required=\"true\" aria-invalid=\"false\" value=\"\" type=\"email\" name=\"your-email\" \/><\/span> <\/label><br \/>\n<label class=\"etiqueta\"> Tel\u00e9fono<br \/>\n<span class=\"wpcf7-form-control-wrap\" data-name=\"your-phone\"><input size=\"50\" maxlength=\"400\" class=\"wpcf7-form-control wpcf7-text\" aria-invalid=\"false\" value=\"\" type=\"text\" name=\"your-phone\" \/><\/span> <\/label><br \/>\n<label class=\"etiqueta\"> Introduzca su mensaje aqu\u00ed:*<br \/>\n<span class=\"wpcf7-form-control-wrap\" data-name=\"your-message\"><textarea cols=\"45\" rows=\"3\" maxlength=\"2000\" class=\"wpcf7-form-control wpcf7-textarea wpcf7-validates-as-required form-control\" aria-required=\"true\" aria-invalid=\"false\" name=\"your-message\"><\/textarea><\/span> <\/label>\n<\/p>\n<p><input class=\"wpcf7-form-control wpcf7-submit has-spinner\" type=\"submit\" value=\"Enviar\" \/>\n<\/p><div class=\"wpcf7-response-output\" aria-hidden=\"true\"><\/div>\n<\/form>\n<\/div>\n<\/div>\n\t\t\t\t\t\t<\/div>\n\t\t\t\t<\/div>\n\t\t\t\t\t<\/div>\n\t\t<\/div>\n\t\t\t\t\t<\/div>\n\t\t<\/section>\n\t\t\t\t<\/div>\n\t\t","protected":false},"excerpt":{"rendered":"<p>qui\u00e9nes somos La agilidad, la innovaci\u00f3n, la integridad y el compromiso incansable con la satisfacci\u00f3n del cliente son un aspecto fundamental de todo lo que hacemos en Trusted eLearning. El equipo de apasionados creadores de contenido, dise\u00f1adores gr\u00e1ficos, expertos en multimedia y especialistas en ventas y servicio al cliente de Trusted eLearning lleva m\u00e1s de&hellip;&nbsp;<a href=\"https:\/\/www.trustedelearning.com\/es\/quienes-somos\/\" rel=\"bookmark\">Leer m\u00e1s &raquo;<span class=\"screen-reader-text\">Qui\u00e9nes somos<\/span><\/a><\/p>\n","protected":false},"author":1,"featured_media":0,"parent":0,"menu_order":0,"comment_status":"closed","ping_status":"closed","template":"","meta":{"_acf_changed":false,"neve_meta_sidebar":"full-width","neve_meta_container":"","neve_meta_enable_content_width":"on","neve_meta_content_width":100,"neve_meta_title_alignment":"","neve_meta_author_avatar":"","neve_post_elements_order":"","neve_meta_disable_header":"off","neve_meta_disable_footer":"off","neve_meta_disable_title":"on","footnotes":""},"class_list":["post-1512","page","type-page","status-publish","hentry"],"acf":[],"yoast_head":"<!-- This site is optimized with the Yoast SEO plugin v27.1.1 - https:\/\/yoast.com\/product\/yoast-seo-wordpress\/ -->\n<title>Qui\u00e9nes somos - Trusted eLearning<\/title>\n<meta name=\"robots\" content=\"index, follow, max-snippet:-1, max-image-preview:large, max-video-preview:-1\" \/>\n<link rel=\"canonical\" href=\"https:\/\/www.trustedelearning.com\/es\/quienes-somos\/\" \/>\n<meta property=\"og:locale\" content=\"es_ES\" \/>\n<meta property=\"og:type\" content=\"article\" \/>\n<meta property=\"og:title\" content=\"Qui\u00e9nes somos - Trusted eLearning\" \/>\n<meta property=\"og:description\" content=\"qui\u00e9nes somos La agilidad, la innovaci\u00f3n, la integridad y el compromiso incansable con la satisfacci\u00f3n del cliente son un aspecto fundamental de todo lo que hacemos en Trusted eLearning. El equipo de apasionados creadores de contenido, dise\u00f1adores gr\u00e1ficos, expertos en multimedia y especialistas en ventas y servicio al cliente de Trusted eLearning lleva m\u00e1s de&hellip;&nbsp;Leer m\u00e1s &raquo;Qui\u00e9nes somos\" \/>\n<meta property=\"og:url\" content=\"https:\/\/www.trustedelearning.com\/es\/quienes-somos\/\" \/>\n<meta property=\"og:site_name\" content=\"Trusted eLearning\" \/>\n<meta property=\"og:image\" content=\"https:\/\/www.trustedelearning.com\/wp-content\/uploads\/elementor\/thumbs\/whoweare-ogkp1268q1nzjy72twbgvgoaktz9ki695biipuz504.png\" \/>\n<meta name=\"twitter:card\" content=\"summary_large_image\" \/>\n<meta name=\"twitter:label1\" content=\"Tiempo de lectura\" \/>\n\t<meta name=\"twitter:data1\" content=\"1 minuto\" \/>\n<script type=\"application\/ld+json\" class=\"yoast-schema-graph\">{\"@context\":\"https:\/\/schema.org\",\"@graph\":[{\"@type\":\"WebPage\",\"@id\":\"https:\/\/www.trustedelearning.com\/es\/quienes-somos\/\",\"url\":\"https:\/\/www.trustedelearning.com\/es\/quienes-somos\/\",\"name\":\"Qui\u00e9nes somos - Trusted eLearning\",\"isPartOf\":{\"@id\":\"https:\/\/www.trustedelearning.com\/es\/#website\"},\"primaryImageOfPage\":{\"@id\":\"https:\/\/www.trustedelearning.com\/es\/quienes-somos\/#primaryimage\"},\"image\":{\"@id\":\"https:\/\/www.trustedelearning.com\/es\/quienes-somos\/#primaryimage\"},\"thumbnailUrl\":\"https:\/\/www.trustedelearning.com\/wp-content\/uploads\/elementor\/thumbs\/whoweare-ogkp1268q1nzjy72twbgvgoaktz9ki695biipuz504.png\",\"datePublished\":\"2020-07-01T17:11:45+00:00\",\"breadcrumb\":{\"@id\":\"https:\/\/www.trustedelearning.com\/es\/quienes-somos\/#breadcrumb\"},\"inLanguage\":\"es\",\"potentialAction\":[{\"@type\":\"ReadAction\",\"target\":[\"https:\/\/www.trustedelearning.com\/es\/quienes-somos\/\"]}]},{\"@type\":\"ImageObject\",\"inLanguage\":\"es\",\"@id\":\"https:\/\/www.trustedelearning.com\/es\/quienes-somos\/#primaryimage\",\"url\":\"https:\/\/www.trustedelearning.com\/wp-content\/uploads\/elementor\/thumbs\/whoweare-ogkp1268q1nzjy72twbgvgoaktz9ki695biipuz504.png\",\"contentUrl\":\"https:\/\/www.trustedelearning.com\/wp-content\/uploads\/elementor\/thumbs\/whoweare-ogkp1268q1nzjy72twbgvgoaktz9ki695biipuz504.png\"},{\"@type\":\"BreadcrumbList\",\"@id\":\"https:\/\/www.trustedelearning.com\/es\/quienes-somos\/#breadcrumb\",\"itemListElement\":[{\"@type\":\"ListItem\",\"position\":1,\"name\":\"Inicio\",\"item\":\"https:\/\/www.trustedelearning.com\/es\/\"},{\"@type\":\"ListItem\",\"position\":2,\"name\":\"Qui\u00e9nes somos\"}]},{\"@type\":\"WebSite\",\"@id\":\"https:\/\/www.trustedelearning.com\/es\/#website\",\"url\":\"https:\/\/www.trustedelearning.com\/es\/\",\"name\":\"Trusted eLearning\",\"description\":\"\",\"publisher\":{\"@id\":\"https:\/\/www.trustedelearning.com\/es\/#organization\"},\"potentialAction\":[{\"@type\":\"SearchAction\",\"target\":{\"@type\":\"EntryPoint\",\"urlTemplate\":\"https:\/\/www.trustedelearning.com\/es\/?s={search_term_string}\"},\"query-input\":{\"@type\":\"PropertyValueSpecification\",\"valueRequired\":true,\"valueName\":\"search_term_string\"}}],\"inLanguage\":\"es\"},{\"@type\":\"Organization\",\"@id\":\"https:\/\/www.trustedelearning.com\/es\/#organization\",\"name\":\"Trusted eLearning\",\"url\":\"https:\/\/www.trustedelearning.com\/es\/\",\"logo\":{\"@type\":\"ImageObject\",\"inLanguage\":\"es\",\"@id\":\"https:\/\/www.trustedelearning.com\/es\/#\/schema\/logo\/image\/\",\"url\":\"https:\/\/www.trustedelearning.com\/wp-content\/uploads\/2019\/11\/1.png\",\"contentUrl\":\"https:\/\/www.trustedelearning.com\/wp-content\/uploads\/2019\/11\/1.png\",\"width\":345,\"height\":164,\"caption\":\"Trusted eLearning\"},\"image\":{\"@id\":\"https:\/\/www.trustedelearning.com\/es\/#\/schema\/logo\/image\/\"}}]}<\/script>\n<!-- \/ Yoast SEO plugin. -->","yoast_head_json":{"title":"Qui\u00e9nes somos - Trusted eLearning","robots":{"index":"index","follow":"follow","max-snippet":"max-snippet:-1","max-image-preview":"max-image-preview:large","max-video-preview":"max-video-preview:-1"},"canonical":"https:\/\/www.trustedelearning.com\/es\/quienes-somos\/","og_locale":"es_ES","og_type":"article","og_title":"Qui\u00e9nes somos - Trusted eLearning","og_description":"qui\u00e9nes somos La agilidad, la innovaci\u00f3n, la integridad y el compromiso incansable con la satisfacci\u00f3n del cliente son un aspecto fundamental de todo lo que hacemos en Trusted eLearning. El equipo de apasionados creadores de contenido, dise\u00f1adores gr\u00e1ficos, expertos en multimedia y especialistas en ventas y servicio al cliente de Trusted eLearning lleva m\u00e1s de&hellip;&nbsp;Leer m\u00e1s &raquo;Qui\u00e9nes somos","og_url":"https:\/\/www.trustedelearning.com\/es\/quienes-somos\/","og_site_name":"Trusted eLearning","og_image":[{"url":"https:\/\/www.trustedelearning.com\/wp-content\/uploads\/elementor\/thumbs\/whoweare-ogkp1268q1nzjy72twbgvgoaktz9ki695biipuz504.png","type":"","width":"","height":""}],"twitter_card":"summary_large_image","twitter_misc":{"Tiempo de lectura":"1 minuto"},"schema":{"@context":"https:\/\/schema.org","@graph":[{"@type":"WebPage","@id":"https:\/\/www.trustedelearning.com\/es\/quienes-somos\/","url":"https:\/\/www.trustedelearning.com\/es\/quienes-somos\/","name":"Qui\u00e9nes somos - Trusted eLearning","isPartOf":{"@id":"https:\/\/www.trustedelearning.com\/es\/#website"},"primaryImageOfPage":{"@id":"https:\/\/www.trustedelearning.com\/es\/quienes-somos\/#primaryimage"},"image":{"@id":"https:\/\/www.trustedelearning.com\/es\/quienes-somos\/#primaryimage"},"thumbnailUrl":"https:\/\/www.trustedelearning.com\/wp-content\/uploads\/elementor\/thumbs\/whoweare-ogkp1268q1nzjy72twbgvgoaktz9ki695biipuz504.png","datePublished":"2020-07-01T17:11:45+00:00","breadcrumb":{"@id":"https:\/\/www.trustedelearning.com\/es\/quienes-somos\/#breadcrumb"},"inLanguage":"es","potentialAction":[{"@type":"ReadAction","target":["https:\/\/www.trustedelearning.com\/es\/quienes-somos\/"]}]},{"@type":"ImageObject","inLanguage":"es","@id":"https:\/\/www.trustedelearning.com\/es\/quienes-somos\/#primaryimage","url":"https:\/\/www.trustedelearning.com\/wp-content\/uploads\/elementor\/thumbs\/whoweare-ogkp1268q1nzjy72twbgvgoaktz9ki695biipuz504.png","contentUrl":"https:\/\/www.trustedelearning.com\/wp-content\/uploads\/elementor\/thumbs\/whoweare-ogkp1268q1nzjy72twbgvgoaktz9ki695biipuz504.png"},{"@type":"BreadcrumbList","@id":"https:\/\/www.trustedelearning.com\/es\/quienes-somos\/#breadcrumb","itemListElement":[{"@type":"ListItem","position":1,"name":"Inicio","item":"https:\/\/www.trustedelearning.com\/es\/"},{"@type":"ListItem","position":2,"name":"Qui\u00e9nes somos"}]},{"@type":"WebSite","@id":"https:\/\/www.trustedelearning.com\/es\/#website","url":"https:\/\/www.trustedelearning.com\/es\/","name":"Trusted eLearning","description":"","publisher":{"@id":"https:\/\/www.trustedelearning.com\/es\/#organization"},"potentialAction":[{"@type":"SearchAction","target":{"@type":"EntryPoint","urlTemplate":"https:\/\/www.trustedelearning.com\/es\/?s={search_term_string}"},"query-input":{"@type":"PropertyValueSpecification","valueRequired":true,"valueName":"search_term_string"}}],"inLanguage":"es"},{"@type":"Organization","@id":"https:\/\/www.trustedelearning.com\/es\/#organization","name":"Trusted eLearning","url":"https:\/\/www.trustedelearning.com\/es\/","logo":{"@type":"ImageObject","inLanguage":"es","@id":"https:\/\/www.trustedelearning.com\/es\/#\/schema\/logo\/image\/","url":"https:\/\/www.trustedelearning.com\/wp-content\/uploads\/2019\/11\/1.png","contentUrl":"https:\/\/www.trustedelearning.com\/wp-content\/uploads\/2019\/11\/1.png","width":345,"height":164,"caption":"Trusted eLearning"},"image":{"@id":"https:\/\/www.trustedelearning.com\/es\/#\/schema\/logo\/image\/"}}]}},"_links":{"self":[{"href":"https:\/\/www.trustedelearning.com\/es\/wp-json\/wp\/v2\/pages\/1512","targetHints":{"allow":["GET"]}}],"collection":[{"href":"https:\/\/www.trustedelearning.com\/es\/wp-json\/wp\/v2\/pages"}],"about":[{"href":"https:\/\/www.trustedelearning.com\/es\/wp-json\/wp\/v2\/types\/page"}],"author":[{"embeddable":true,"href":"https:\/\/www.trustedelearning.com\/es\/wp-json\/wp\/v2\/users\/1"}],"replies":[{"embeddable":true,"href":"https:\/\/www.trustedelearning.com\/es\/wp-json\/wp\/v2\/comments?post=1512"}],"version-history":[{"count":0,"href":"https:\/\/www.trustedelearning.com\/es\/wp-json\/wp\/v2\/pages\/1512\/revisions"}],"wp:attachment":[{"href":"https:\/\/www.trustedelearning.com\/es\/wp-json\/wp\/v2\/media?parent=1512"}],"curies":[{"name":"wp","href":"https:\/\/api.w.org\/{rel}","templated":true}]}}