{"id":1467,"date":"2020-07-21T20:25:23","date_gmt":"2020-07-21T20:25:23","guid":{"rendered":"https:\/\/www.trustedelearning.com\/?page_id=1467"},"modified":"2020-07-21T20:25:23","modified_gmt":"2020-07-21T20:25:23","slug":"wer-wir-sind","status":"publish","type":"page","link":"https:\/\/www.trustedelearning.com\/de\/wer-wir-sind\/","title":{"rendered":"Wer wir sind"},"content":{"rendered":"\t\t<div data-elementor-type=\"wp-page\" data-elementor-id=\"1467\" class=\"elementor elementor-1467 elementor-116\">\n\t\t\t\t\t\t<section class=\"elementor-section elementor-top-section elementor-element elementor-element-11610de7 elementor-section-boxed elementor-section-height-default elementor-section-height-default\" data-id=\"11610de7\" data-element_type=\"section\" data-e-type=\"section\">\n\t\t\t\t\t\t<div class=\"elementor-container elementor-column-gap-no\">\n\t\t\t\t\t<div class=\"elementor-column elementor-col-100 elementor-top-column elementor-element elementor-element-3c4d721\" data-id=\"3c4d721\" data-element_type=\"column\" data-e-type=\"column\">\n\t\t\t<div class=\"elementor-widget-wrap elementor-element-populated\">\n\t\t\t\t\t\t<div class=\"elementor-element elementor-element-b86df11 elementor-widget elementor-widget-shortcode\" data-id=\"b86df11\" data-element_type=\"widget\" data-e-type=\"widget\" data-widget_type=\"shortcode.default\">\n\t\t\t\t<div class=\"elementor-widget-container\">\n\t\t\t\t\t\t\t<div class=\"elementor-shortcode\"><span><span><a href=\"https:\/\/www.trustedelearning.com\/de\/\">Home<\/a><\/span><\/span><\/div>\n\t\t\t\t\t\t<\/div>\n\t\t\t\t<\/div>\n\t\t\t\t\t<\/div>\n\t\t<\/div>\n\t\t\t\t\t<\/div>\n\t\t<\/section>\n\t\t\t\t<section class=\"elementor-section elementor-top-section elementor-element elementor-element-33c18242 elementor-section-boxed elementor-section-height-default elementor-section-height-default\" data-id=\"33c18242\" data-element_type=\"section\" data-e-type=\"section\">\n\t\t\t\t\t\t<div class=\"elementor-container elementor-column-gap-default\">\n\t\t\t\t\t<div class=\"elementor-column elementor-col-100 elementor-top-column elementor-element elementor-element-1870683a\" data-id=\"1870683a\" data-element_type=\"column\" data-e-type=\"column\">\n\t\t\t<div class=\"elementor-widget-wrap elementor-element-populated\">\n\t\t\t\t\t\t<div class=\"elementor-element elementor-element-17fd50bf elementor-widget elementor-widget-heading\" data-id=\"17fd50bf\" data-element_type=\"widget\" data-e-type=\"widget\" data-widget_type=\"heading.default\">\n\t\t\t\t<div class=\"elementor-widget-container\">\n\t\t\t\t\t<h2 class=\"elementor-heading-title elementor-size-default\">Wer wir sind<\/h2>\t\t\t\t<\/div>\n\t\t\t\t<\/div>\n\t\t\t\t\t<\/div>\n\t\t<\/div>\n\t\t\t\t\t<\/div>\n\t\t<\/section>\n\t\t\t\t<section class=\"elementor-section elementor-top-section elementor-element elementor-element-b1100f5 elementor-section-boxed elementor-section-height-default elementor-section-height-default\" data-id=\"b1100f5\" data-element_type=\"section\" data-e-type=\"section\">\n\t\t\t\t\t\t<div class=\"elementor-container elementor-column-gap-default\">\n\t\t\t\t\t<div class=\"elementor-column elementor-col-50 elementor-top-column elementor-element elementor-element-797ebd9\" data-id=\"797ebd9\" data-element_type=\"column\" data-e-type=\"column\">\n\t\t\t<div class=\"elementor-widget-wrap elementor-element-populated\">\n\t\t\t\t\t\t<div class=\"elementor-element elementor-element-00e2ed9 elementor-widget elementor-widget-text-editor\" data-id=\"00e2ed9\" data-element_type=\"widget\" data-e-type=\"widget\" data-widget_type=\"text-editor.default\">\n\t\t\t\t<div class=\"elementor-widget-container\">\n\t\t\t\t\t\t\t\t\t<p>Agilit\u00e4t, Innovation, Integrit\u00e4t und ein unerm\u00fcdlicher Einsatz f\u00fcr die Kundenzufriedenheit stehen im Mittelpunkt all unserer Aktivit\u00e4ten bei Trusted eLearning. Das Trusted eLearning-Team, bestehend aus leidenschaftlichen Entwicklern von Inhalten, Grafikdesignern, Multimedia-Experten sowie Verkaufs- und Kundendienstspezialisten, arbeitet seit mehr als 15 Jahren zusammen, um qualitativ hochwertige, ma\u00dfgeschneiderte Inhalte zu liefern.<\/p>\n<p>Unsere tiefen Wurzeln in den Sprachdienstleistungen bieten Trusted eLearning einen entscheidenden Vorteil gegen\u00fcber anderen eLearning-Unternehmen: Alles, was diese tun k\u00f6nnen, k\u00f6nnen auch wir &#8211; in \u00fcber 100 verschiedenen Sprachen.<\/p>\n\t\t\t\t\t\t\t\t<\/div>\n\t\t\t\t<\/div>\n\t\t\t\t\t<\/div>\n\t\t<\/div>\n\t\t\t\t<div class=\"elementor-column elementor-col-50 elementor-top-column elementor-element elementor-element-801ca1f\" data-id=\"801ca1f\" data-element_type=\"column\" data-e-type=\"column\">\n\t\t\t<div class=\"elementor-widget-wrap elementor-element-populated\">\n\t\t\t\t\t\t<div class=\"elementor-element elementor-element-4d65b64 elementor-widget elementor-widget-image\" data-id=\"4d65b64\" data-element_type=\"widget\" data-e-type=\"widget\" data-widget_type=\"image.default\">\n\t\t\t\t<div class=\"elementor-widget-container\">\n\t\t\t\t\t\t\t\t\t\t\t\t\t\t\t<img decoding=\"async\" src=\"https:\/\/www.trustedelearning.com\/wp-content\/uploads\/elementor\/thumbs\/whoweare-rh20gb06dltktw9tsdtltqw6jrnmjskz33l9pdzuhg.png\" title=\"\" alt=\"\" loading=\"lazy\" \/>\t\t\t\t\t\t\t\t\t\t\t\t\t\t\t<\/div>\n\t\t\t\t<\/div>\n\t\t\t\t\t<\/div>\n\t\t<\/div>\n\t\t\t\t\t<\/div>\n\t\t<\/section>\n\t\t\t\t<section class=\"elementor-section elementor-top-section elementor-element elementor-element-49c5996 elementor-section-stretched elementor-section-boxed elementor-section-height-default elementor-section-height-default\" data-id=\"49c5996\" data-element_type=\"section\" data-e-type=\"section\" data-settings=\"{&quot;background_background&quot;:&quot;classic&quot;,&quot;stretch_section&quot;:&quot;section-stretched&quot;}\">\n\t\t\t\t\t\t<div class=\"elementor-container elementor-column-gap-default\">\n\t\t\t\t\t<div class=\"elementor-column elementor-col-100 elementor-top-column elementor-element elementor-element-2bc51ed\" data-id=\"2bc51ed\" data-element_type=\"column\" data-e-type=\"column\">\n\t\t\t<div class=\"elementor-widget-wrap elementor-element-populated\">\n\t\t\t\t\t\t<div class=\"elementor-element elementor-element-72cbdc2 elementor-widget elementor-widget-spacer\" data-id=\"72cbdc2\" data-element_type=\"widget\" data-e-type=\"widget\" data-widget_type=\"spacer.default\">\n\t\t\t\t<div class=\"elementor-widget-container\">\n\t\t\t\t\t\t\t<div class=\"elementor-spacer\">\n\t\t\t<div class=\"elementor-spacer-inner\"><\/div>\n\t\t<\/div>\n\t\t\t\t\t\t<\/div>\n\t\t\t\t<\/div>\n\t\t\t\t<div class=\"elementor-element elementor-element-9afc25f elementor-widget elementor-widget-heading\" data-id=\"9afc25f\" data-element_type=\"widget\" data-e-type=\"widget\" data-widget_type=\"heading.default\">\n\t\t\t\t<div class=\"elementor-widget-container\">\n\t\t\t\t\t<h2 class=\"elementor-heading-title elementor-size-default\">Kontaktieren Sie uns<\/h2>\t\t\t\t<\/div>\n\t\t\t\t<\/div>\n\t\t\t\t\t<\/div>\n\t\t<\/div>\n\t\t\t\t\t<\/div>\n\t\t<\/section>\n\t\t\t\t<section class=\"elementor-section elementor-top-section elementor-element elementor-element-45518e4 elementor-section-stretched elementor-section-boxed elementor-section-height-default elementor-section-height-default\" data-id=\"45518e4\" data-element_type=\"section\" data-e-type=\"section\" data-settings=\"{&quot;stretch_section&quot;:&quot;section-stretched&quot;,&quot;background_background&quot;:&quot;classic&quot;}\">\n\t\t\t\t\t\t<div class=\"elementor-container elementor-column-gap-default\">\n\t\t\t\t\t<div class=\"elementor-column elementor-col-50 elementor-top-column elementor-element elementor-element-080edf6\" data-id=\"080edf6\" data-element_type=\"column\" data-e-type=\"column\">\n\t\t\t<div class=\"elementor-widget-wrap elementor-element-populated\">\n\t\t\t\t\t\t<div class=\"elementor-element elementor-element-bf963f4 elementor-list-item-link-full_width elementor-widget elementor-widget-icon-list\" data-id=\"bf963f4\" data-element_type=\"widget\" data-e-type=\"widget\" data-widget_type=\"icon-list.default\">\n\t\t\t\t<div class=\"elementor-widget-container\">\n\t\t\t\t\t\t\t<ul class=\"elementor-icon-list-items\">\n\t\t\t\t\t\t\t<li class=\"elementor-icon-list-item\">\n\t\t\t\t\t\t\t\t\t\t\t<span class=\"elementor-icon-list-icon\">\n\t\t\t\t\t\t\t<i aria-hidden=\"true\" class=\"fas fa-chevron-right\"><\/i>\t\t\t\t\t\t<\/span>\n\t\t\t\t\t\t\t\t\t\t<span class=\"elementor-icon-list-text\">\ud83c\udf10 Trusted eLearning<\/span>\n\t\t\t\t\t\t\t\t\t<\/li>\n\t\t\t\t\t\t\t\t<li class=\"elementor-icon-list-item\">\n\t\t\t\t\t\t\t\t\t\t\t<span class=\"elementor-icon-list-icon\">\n\t\t\t\t\t\t\t<i aria-hidden=\"true\" class=\"fas fa-chevron-right\"><\/i>\t\t\t\t\t\t<\/span>\n\t\t\t\t\t\t\t\t\t\t<span class=\"elementor-icon-list-text\">\ud83d\udccd 66 W Flagler St #1200, Miami, FL 33130, USA<\/span>\n\t\t\t\t\t\t\t\t\t<\/li>\n\t\t\t\t\t\t\t\t<li class=\"elementor-icon-list-item\">\n\t\t\t\t\t\t\t\t\t\t\t<span class=\"elementor-icon-list-icon\">\n\t\t\t\t\t\t\t<i aria-hidden=\"true\" class=\"fas fa-chevron-right\"><\/i>\t\t\t\t\t\t<\/span>\n\t\t\t\t\t\t\t\t\t\t<span class=\"elementor-icon-list-text\"><a href=\"tel:+1 877-255-0717\">\ud83d\udcf1  +1 877-255-0717<\/a><\/span>\n\t\t\t\t\t\t\t\t\t<\/li>\n\t\t\t\t\t\t\t\t<li class=\"elementor-icon-list-item\">\n\t\t\t\t\t\t\t\t\t\t\t<span class=\"elementor-icon-list-icon\">\n\t\t\t\t\t\t\t<i aria-hidden=\"true\" class=\"fas fa-chevron-right\"><\/i>\t\t\t\t\t\t<\/span>\n\t\t\t\t\t\t\t\t\t\t<span class=\"elementor-icon-list-text\"><a href=\"&#109;&#97;&#x69;&#x6c;&#116;&#111;&#x3a;&#x69;&#110;&#102;&#x6f;&#x40;&#116;&#114;&#x75;&#x73;&#116;&#101;&#x64;&#x65;&#108;&#101;&#x61;&#x72;&#110;&#105;&#x6e;&#x67;&#46;&#99;&#x6f;&#x6d;\">\u2709\ufe0f &#x69;&#110;f&#x6f;&#64;t&#x72;&#117;s&#x74;&#101;d&#x65;&#108;e&#x61;&#x72;n&#x69;&#x6e;&#103;&#x2e;&#x63;&#111;&#x6d;<\/a><\/span>\n\t\t\t\t\t\t\t\t\t<\/li>\n\t\t\t\t\t\t<\/ul>\n\t\t\t\t\t\t<\/div>\n\t\t\t\t<\/div>\n\t\t\t\t\t<\/div>\n\t\t<\/div>\n\t\t\t\t<div class=\"elementor-column elementor-col-50 elementor-top-column elementor-element elementor-element-0797ceb\" data-id=\"0797ceb\" data-element_type=\"column\" data-e-type=\"column\">\n\t\t\t<div class=\"elementor-widget-wrap elementor-element-populated\">\n\t\t\t\t\t\t<div class=\"elementor-element elementor-element-0cb1227 elementor-widget elementor-widget-shortcode\" data-id=\"0cb1227\" data-element_type=\"widget\" data-e-type=\"widget\" data-widget_type=\"shortcode.default\">\n\t\t\t\t<div class=\"elementor-widget-container\">\n\t\t\t\t\t\t\t<div class=\"elementor-shortcode\">\n<div class=\"wpcf7 no-js\" id=\"wpcf7-f1850-o1\" lang=\"de-DE\" dir=\"ltr\" data-wpcf7-id=\"1850\">\n<div class=\"screen-reader-response\"><p role=\"status\" aria-live=\"polite\" aria-atomic=\"true\"><\/p> <ul><\/ul><\/div>\n<form action=\"\/de\/wp-json\/wp\/v2\/pages\/1467#wpcf7-f1850-o1\" method=\"post\" class=\"wpcf7-form init\" aria-label=\"Kontaktformular\" novalidate=\"novalidate\" data-status=\"init\">\n<fieldset class=\"hidden-fields-container\"><input type=\"hidden\" name=\"_wpcf7\" value=\"1850\" \/><input type=\"hidden\" name=\"_wpcf7_version\" value=\"6.1.5\" \/><input type=\"hidden\" name=\"_wpcf7_locale\" value=\"de_DE\" \/><input type=\"hidden\" name=\"_wpcf7_unit_tag\" value=\"wpcf7-f1850-o1\" \/><input type=\"hidden\" name=\"_wpcf7_container_post\" value=\"0\" \/><input type=\"hidden\" name=\"_wpcf7_posted_data_hash\" value=\"\" \/><input type=\"hidden\" name=\"_wpcf7_recaptcha_response\" value=\"\" \/>\n<\/fieldset>\n<style>\n.etiqueta{\n color:black;\n font-weight: bold;\n}\n.wpcf7 input[type=\"text\"],\n.wpcf7 input[type=\"email\"],\n.wpcf7 textarea{\n background-color:white;\n}\n.wpcf7 input[type=\"submit\"]{\nbackground-color: #404248;\nborder-radius:6px;\n}\n\n.wpcf7 input[type=\"submit\"]:hover{\nbackground-color: #404248;\n}\n<\/style>\n<p><label class=\"etiqueta\"> Vollst\u00e4ndiger Name *<br \/>\n<span class=\"wpcf7-form-control-wrap\" data-name=\"your-name\"><input size=\"50\" maxlength=\"400\" class=\"wpcf7-form-control wpcf7-text wpcf7-validates-as-required\" aria-required=\"true\" aria-invalid=\"false\" value=\"\" type=\"text\" name=\"your-name\" \/><\/span> <\/label><br \/>\n<label class=\"etiqueta\"> Firmenname<br \/>\n<span class=\"wpcf7-form-control-wrap\" data-name=\"your-company\"><input size=\"50\" maxlength=\"400\" class=\"wpcf7-form-control wpcf7-text\" aria-invalid=\"false\" value=\"\" type=\"text\" name=\"your-company\" \/><\/span> <\/label><br \/>\n<label class=\"etiqueta\"> E-Mail *<br \/>\n<span class=\"wpcf7-form-control-wrap\" data-name=\"your-email\"><input size=\"50\" maxlength=\"400\" class=\"wpcf7-form-control wpcf7-email wpcf7-validates-as-required wpcf7-text wpcf7-validates-as-email\" aria-required=\"true\" aria-invalid=\"false\" value=\"\" type=\"email\" name=\"your-email\" \/><\/span> <\/label><br \/>\n<label class=\"etiqueta\"> Telefonnummer<br \/>\n<span class=\"wpcf7-form-control-wrap\" data-name=\"your-phone\"><input size=\"50\" maxlength=\"400\" class=\"wpcf7-form-control wpcf7-text\" aria-invalid=\"false\" value=\"\" type=\"text\" name=\"your-phone\" \/><\/span> <\/label><br \/>\n<label class=\"etiqueta\"> Geben Sie Ihre Nachricht hier ein: *<br \/>\n<span class=\"wpcf7-form-control-wrap\" data-name=\"your-message\"><textarea cols=\"45\" rows=\"3\" maxlength=\"2000\" class=\"wpcf7-form-control wpcf7-textarea wpcf7-validates-as-required form-control\" aria-required=\"true\" aria-invalid=\"false\" name=\"your-message\"><\/textarea><\/span> <\/label>\n<\/p>\n<p><input class=\"wpcf7-form-control wpcf7-submit has-spinner\" type=\"submit\" value=\"Abschicken\" \/>\n<\/p><div class=\"wpcf7-response-output\" aria-hidden=\"true\"><\/div>\n<\/form>\n<\/div>\n<\/div>\n\t\t\t\t\t\t<\/div>\n\t\t\t\t<\/div>\n\t\t\t\t\t<\/div>\n\t\t<\/div>\n\t\t\t\t\t<\/div>\n\t\t<\/section>\n\t\t\t\t<\/div>\n\t\t","protected":false},"excerpt":{"rendered":"<p>Wer wir sind Agilit\u00e4t, Innovation, Integrit\u00e4t und ein unerm\u00fcdlicher Einsatz f\u00fcr die Kundenzufriedenheit stehen im Mittelpunkt all unserer Aktivit\u00e4ten bei Trusted eLearning. Das Trusted eLearning-Team, bestehend aus leidenschaftlichen Entwicklern von Inhalten, Grafikdesignern, Multimedia-Experten sowie Verkaufs- und Kundendienstspezialisten, arbeitet seit mehr als 15 Jahren zusammen, um qualitativ hochwertige, ma\u00dfgeschneiderte Inhalte zu liefern. Unsere tiefen Wurzeln in&hellip;&nbsp;<a href=\"https:\/\/www.trustedelearning.com\/de\/wer-wir-sind\/\" rel=\"bookmark\">Weiterlesen &raquo;<span class=\"screen-reader-text\">Wer wir sind<\/span><\/a><\/p>\n","protected":false},"author":1,"featured_media":0,"parent":0,"menu_order":0,"comment_status":"closed","ping_status":"closed","template":"","meta":{"_acf_changed":false,"neve_meta_sidebar":"full-width","neve_meta_container":"","neve_meta_enable_content_width":"on","neve_meta_content_width":100,"neve_meta_title_alignment":"","neve_meta_author_avatar":"","neve_post_elements_order":"","neve_meta_disable_header":"off","neve_meta_disable_footer":"off","neve_meta_disable_title":"on","footnotes":""},"class_list":["post-1467","page","type-page","status-publish","hentry"],"acf":[],"yoast_head":"<!-- This site is optimized with the Yoast SEO plugin v27.1.1 - https:\/\/yoast.com\/product\/yoast-seo-wordpress\/ -->\n<title>Wer wir sind - Trusted eLearning<\/title>\n<meta name=\"robots\" content=\"index, follow, max-snippet:-1, max-image-preview:large, max-video-preview:-1\" \/>\n<link rel=\"canonical\" href=\"https:\/\/www.trustedelearning.com\/de\/wer-wir-sind\/\" \/>\n<meta property=\"og:locale\" content=\"de_DE\" \/>\n<meta property=\"og:type\" content=\"article\" \/>\n<meta property=\"og:title\" content=\"Wer wir sind - Trusted eLearning\" \/>\n<meta property=\"og:description\" content=\"Wer wir sind Agilit\u00e4t, Innovation, Integrit\u00e4t und ein unerm\u00fcdlicher Einsatz f\u00fcr die Kundenzufriedenheit stehen im Mittelpunkt all unserer Aktivit\u00e4ten bei Trusted eLearning. Das Trusted eLearning-Team, bestehend aus leidenschaftlichen Entwicklern von Inhalten, Grafikdesignern, Multimedia-Experten sowie Verkaufs- und Kundendienstspezialisten, arbeitet seit mehr als 15 Jahren zusammen, um qualitativ hochwertige, ma\u00dfgeschneiderte Inhalte zu liefern. Unsere tiefen Wurzeln in&hellip;&nbsp;Weiterlesen &raquo;Wer wir sind\" \/>\n<meta property=\"og:url\" content=\"https:\/\/www.trustedelearning.com\/de\/wer-wir-sind\/\" \/>\n<meta property=\"og:site_name\" content=\"Trusted eLearning\" \/>\n<meta property=\"og:image\" content=\"https:\/\/www.trustedelearning.com\/wp-content\/uploads\/elementor\/thumbs\/whoweare-ogkp1268q1nzjy72twbgvgoaktz9ki695biipuz504.png\" \/>\n<meta name=\"twitter:card\" content=\"summary_large_image\" \/>\n<meta name=\"twitter:label1\" content=\"Gesch\u00e4tzte Lesezeit\" \/>\n\t<meta name=\"twitter:data1\" content=\"1 Minute\" \/>\n<script type=\"application\/ld+json\" class=\"yoast-schema-graph\">{\"@context\":\"https:\/\/schema.org\",\"@graph\":[{\"@type\":\"WebPage\",\"@id\":\"https:\/\/www.trustedelearning.com\/de\/wer-wir-sind\/\",\"url\":\"https:\/\/www.trustedelearning.com\/de\/wer-wir-sind\/\",\"name\":\"Wer wir sind - Trusted eLearning\",\"isPartOf\":{\"@id\":\"https:\/\/www.trustedelearning.com\/de\/#website\"},\"primaryImageOfPage\":{\"@id\":\"https:\/\/www.trustedelearning.com\/de\/wer-wir-sind\/#primaryimage\"},\"image\":{\"@id\":\"https:\/\/www.trustedelearning.com\/de\/wer-wir-sind\/#primaryimage\"},\"thumbnailUrl\":\"https:\/\/www.trustedelearning.com\/wp-content\/uploads\/elementor\/thumbs\/whoweare-ogkp1268q1nzjy72twbgvgoaktz9ki695biipuz504.png\",\"datePublished\":\"2020-07-21T20:25:23+00:00\",\"breadcrumb\":{\"@id\":\"https:\/\/www.trustedelearning.com\/de\/wer-wir-sind\/#breadcrumb\"},\"inLanguage\":\"de-DE\",\"potentialAction\":[{\"@type\":\"ReadAction\",\"target\":[\"https:\/\/www.trustedelearning.com\/de\/wer-wir-sind\/\"]}]},{\"@type\":\"ImageObject\",\"inLanguage\":\"de-DE\",\"@id\":\"https:\/\/www.trustedelearning.com\/de\/wer-wir-sind\/#primaryimage\",\"url\":\"https:\/\/www.trustedelearning.com\/wp-content\/uploads\/elementor\/thumbs\/whoweare-ogkp1268q1nzjy72twbgvgoaktz9ki695biipuz504.png\",\"contentUrl\":\"https:\/\/www.trustedelearning.com\/wp-content\/uploads\/elementor\/thumbs\/whoweare-ogkp1268q1nzjy72twbgvgoaktz9ki695biipuz504.png\"},{\"@type\":\"BreadcrumbList\",\"@id\":\"https:\/\/www.trustedelearning.com\/de\/wer-wir-sind\/#breadcrumb\",\"itemListElement\":[{\"@type\":\"ListItem\",\"position\":1,\"name\":\"Home\",\"item\":\"https:\/\/www.trustedelearning.com\/de\/\"},{\"@type\":\"ListItem\",\"position\":2,\"name\":\"Wer wir sind\"}]},{\"@type\":\"WebSite\",\"@id\":\"https:\/\/www.trustedelearning.com\/de\/#website\",\"url\":\"https:\/\/www.trustedelearning.com\/de\/\",\"name\":\"Trusted eLearning\",\"description\":\"\",\"publisher\":{\"@id\":\"https:\/\/www.trustedelearning.com\/de\/#organization\"},\"potentialAction\":[{\"@type\":\"SearchAction\",\"target\":{\"@type\":\"EntryPoint\",\"urlTemplate\":\"https:\/\/www.trustedelearning.com\/de\/?s={search_term_string}\"},\"query-input\":{\"@type\":\"PropertyValueSpecification\",\"valueRequired\":true,\"valueName\":\"search_term_string\"}}],\"inLanguage\":\"de-DE\"},{\"@type\":\"Organization\",\"@id\":\"https:\/\/www.trustedelearning.com\/de\/#organization\",\"name\":\"Trusted eLearning\",\"url\":\"https:\/\/www.trustedelearning.com\/de\/\",\"logo\":{\"@type\":\"ImageObject\",\"inLanguage\":\"de-DE\",\"@id\":\"https:\/\/www.trustedelearning.com\/de\/#\/schema\/logo\/image\/\",\"url\":\"https:\/\/www.trustedelearning.com\/wp-content\/uploads\/2019\/11\/1.png\",\"contentUrl\":\"https:\/\/www.trustedelearning.com\/wp-content\/uploads\/2019\/11\/1.png\",\"width\":345,\"height\":164,\"caption\":\"Trusted eLearning\"},\"image\":{\"@id\":\"https:\/\/www.trustedelearning.com\/de\/#\/schema\/logo\/image\/\"}}]}<\/script>\n<!-- \/ Yoast SEO plugin. -->","yoast_head_json":{"title":"Wer wir sind - Trusted eLearning","robots":{"index":"index","follow":"follow","max-snippet":"max-snippet:-1","max-image-preview":"max-image-preview:large","max-video-preview":"max-video-preview:-1"},"canonical":"https:\/\/www.trustedelearning.com\/de\/wer-wir-sind\/","og_locale":"de_DE","og_type":"article","og_title":"Wer wir sind - Trusted eLearning","og_description":"Wer wir sind Agilit\u00e4t, Innovation, Integrit\u00e4t und ein unerm\u00fcdlicher Einsatz f\u00fcr die Kundenzufriedenheit stehen im Mittelpunkt all unserer Aktivit\u00e4ten bei Trusted eLearning. Das Trusted eLearning-Team, bestehend aus leidenschaftlichen Entwicklern von Inhalten, Grafikdesignern, Multimedia-Experten sowie Verkaufs- und Kundendienstspezialisten, arbeitet seit mehr als 15 Jahren zusammen, um qualitativ hochwertige, ma\u00dfgeschneiderte Inhalte zu liefern. Unsere tiefen Wurzeln in&hellip;&nbsp;Weiterlesen &raquo;Wer wir sind","og_url":"https:\/\/www.trustedelearning.com\/de\/wer-wir-sind\/","og_site_name":"Trusted eLearning","og_image":[{"url":"https:\/\/www.trustedelearning.com\/wp-content\/uploads\/elementor\/thumbs\/whoweare-ogkp1268q1nzjy72twbgvgoaktz9ki695biipuz504.png","type":"","width":"","height":""}],"twitter_card":"summary_large_image","twitter_misc":{"Gesch\u00e4tzte Lesezeit":"1 Minute"},"schema":{"@context":"https:\/\/schema.org","@graph":[{"@type":"WebPage","@id":"https:\/\/www.trustedelearning.com\/de\/wer-wir-sind\/","url":"https:\/\/www.trustedelearning.com\/de\/wer-wir-sind\/","name":"Wer wir sind - Trusted eLearning","isPartOf":{"@id":"https:\/\/www.trustedelearning.com\/de\/#website"},"primaryImageOfPage":{"@id":"https:\/\/www.trustedelearning.com\/de\/wer-wir-sind\/#primaryimage"},"image":{"@id":"https:\/\/www.trustedelearning.com\/de\/wer-wir-sind\/#primaryimage"},"thumbnailUrl":"https:\/\/www.trustedelearning.com\/wp-content\/uploads\/elementor\/thumbs\/whoweare-ogkp1268q1nzjy72twbgvgoaktz9ki695biipuz504.png","datePublished":"2020-07-21T20:25:23+00:00","breadcrumb":{"@id":"https:\/\/www.trustedelearning.com\/de\/wer-wir-sind\/#breadcrumb"},"inLanguage":"de-DE","potentialAction":[{"@type":"ReadAction","target":["https:\/\/www.trustedelearning.com\/de\/wer-wir-sind\/"]}]},{"@type":"ImageObject","inLanguage":"de-DE","@id":"https:\/\/www.trustedelearning.com\/de\/wer-wir-sind\/#primaryimage","url":"https:\/\/www.trustedelearning.com\/wp-content\/uploads\/elementor\/thumbs\/whoweare-ogkp1268q1nzjy72twbgvgoaktz9ki695biipuz504.png","contentUrl":"https:\/\/www.trustedelearning.com\/wp-content\/uploads\/elementor\/thumbs\/whoweare-ogkp1268q1nzjy72twbgvgoaktz9ki695biipuz504.png"},{"@type":"BreadcrumbList","@id":"https:\/\/www.trustedelearning.com\/de\/wer-wir-sind\/#breadcrumb","itemListElement":[{"@type":"ListItem","position":1,"name":"Home","item":"https:\/\/www.trustedelearning.com\/de\/"},{"@type":"ListItem","position":2,"name":"Wer wir sind"}]},{"@type":"WebSite","@id":"https:\/\/www.trustedelearning.com\/de\/#website","url":"https:\/\/www.trustedelearning.com\/de\/","name":"Trusted eLearning","description":"","publisher":{"@id":"https:\/\/www.trustedelearning.com\/de\/#organization"},"potentialAction":[{"@type":"SearchAction","target":{"@type":"EntryPoint","urlTemplate":"https:\/\/www.trustedelearning.com\/de\/?s={search_term_string}"},"query-input":{"@type":"PropertyValueSpecification","valueRequired":true,"valueName":"search_term_string"}}],"inLanguage":"de-DE"},{"@type":"Organization","@id":"https:\/\/www.trustedelearning.com\/de\/#organization","name":"Trusted eLearning","url":"https:\/\/www.trustedelearning.com\/de\/","logo":{"@type":"ImageObject","inLanguage":"de-DE","@id":"https:\/\/www.trustedelearning.com\/de\/#\/schema\/logo\/image\/","url":"https:\/\/www.trustedelearning.com\/wp-content\/uploads\/2019\/11\/1.png","contentUrl":"https:\/\/www.trustedelearning.com\/wp-content\/uploads\/2019\/11\/1.png","width":345,"height":164,"caption":"Trusted eLearning"},"image":{"@id":"https:\/\/www.trustedelearning.com\/de\/#\/schema\/logo\/image\/"}}]}},"_links":{"self":[{"href":"https:\/\/www.trustedelearning.com\/de\/wp-json\/wp\/v2\/pages\/1467","targetHints":{"allow":["GET"]}}],"collection":[{"href":"https:\/\/www.trustedelearning.com\/de\/wp-json\/wp\/v2\/pages"}],"about":[{"href":"https:\/\/www.trustedelearning.com\/de\/wp-json\/wp\/v2\/types\/page"}],"author":[{"embeddable":true,"href":"https:\/\/www.trustedelearning.com\/de\/wp-json\/wp\/v2\/users\/1"}],"replies":[{"embeddable":true,"href":"https:\/\/www.trustedelearning.com\/de\/wp-json\/wp\/v2\/comments?post=1467"}],"version-history":[{"count":0,"href":"https:\/\/www.trustedelearning.com\/de\/wp-json\/wp\/v2\/pages\/1467\/revisions"}],"wp:attachment":[{"href":"https:\/\/www.trustedelearning.com\/de\/wp-json\/wp\/v2\/media?parent=1467"}],"curies":[{"name":"wp","href":"https:\/\/api.w.org\/{rel}","templated":true}]}}